{"id":691,"date":"2024-08-26T14:54:20","date_gmt":"2024-08-26T12:54:20","guid":{"rendered":"https:\/\/sixtex.fr\/?page_id=691"},"modified":"2024-08-27T16:11:01","modified_gmt":"2024-08-27T14:11:01","slug":"condition-general-de-vente","status":"publish","type":"page","link":"https:\/\/sixtex.fr\/?page_id=691","title":{"rendered":"Condition g\u00e9n\u00e9ral de vente"},"content":{"rendered":"\t\t<div data-elementor-type=\"wp-page\" data-elementor-id=\"691\" class=\"elementor elementor-691\" data-elementor-post-type=\"page\">\n\t\t\t\t\t\t<section class=\"elementor-section elementor-top-section elementor-element elementor-element-7ce3886 elementor-section-boxed elementor-section-height-default elementor-section-height-default\" data-id=\"7ce3886\" data-element_type=\"section\" data-e-type=\"section\">\n\t\t\t\t\t\t\t<div class=\"elementor-background-overlay\"><\/div>\n\t\t\t\t\t\t\t<div class=\"elementor-container elementor-column-gap-default\">\n\t\t\t\t\t<div class=\"elementor-column elementor-col-100 elementor-top-column elementor-element elementor-element-50c2fa0\" data-id=\"50c2fa0\" data-element_type=\"column\" data-e-type=\"column\">\n\t\t\t<div class=\"elementor-widget-wrap elementor-element-populated\">\n\t\t\t\t\t\t<div class=\"elementor-element elementor-element-d386146 elementor-widget elementor-widget-image\" data-id=\"d386146\" data-element_type=\"widget\" data-e-type=\"widget\" data-widget_type=\"image.default\">\n\t\t\t\t<div class=\"elementor-widget-container\">\n\t\t\t\t\t\t\t\t\t\t\t\t\t\t\t\t<a href=\"https:\/\/sixtex.fr\/\">\n\t\t\t\t\t\t\t<img decoding=\"async\" src=\"https:\/\/sixtex.fr\/wp-content\/uploads\/2024\/08\/accord-professionnel-poignee-main-pour-entretien-reussi_893737-8315.jpg\" title=\"accord-professionnel-poignee-main-pour-entretien-reussi_893737-8315\" alt=\"accord-professionnel-poignee-main-pour-entretien-reussi_893737-8315\" loading=\"lazy\" \/>\t\t\t\t\t\t\t\t<\/a>\n\t\t\t\t\t\t\t\t\t\t\t\t\t\t\t<\/div>\n\t\t\t\t<\/div>\n\t\t\t\t\t<\/div>\n\t\t<\/div>\n\t\t\t\t\t<\/div>\n\t\t<\/section>\n\t\t\t\t<section class=\"elementor-section elementor-top-section elementor-element elementor-element-02fc650 elementor-section-boxed elementor-section-height-default elementor-section-height-default\" data-id=\"02fc650\" data-element_type=\"section\" data-e-type=\"section\">\n\t\t\t\t\t\t\t<div class=\"elementor-background-overlay\"><\/div>\n\t\t\t\t\t\t\t<div class=\"elementor-container elementor-column-gap-default\">\n\t\t\t\t\t<div class=\"elementor-column elementor-col-100 elementor-top-column elementor-element elementor-element-acde298\" data-id=\"acde298\" data-element_type=\"column\" data-e-type=\"column\">\n\t\t\t<div class=\"elementor-widget-wrap elementor-element-populated\">\n\t\t\t\t\t\t<div class=\"elementor-element elementor-element-0770c9c elementor-widget__width-initial elementor-absolute elementor-widget elementor-widget-text-editor\" data-id=\"0770c9c\" data-element_type=\"widget\" data-e-type=\"widget\" data-settings=\"{&quot;_position&quot;:&quot;absolute&quot;}\" data-widget_type=\"text-editor.default\">\n\t\t\t\t<div class=\"elementor-widget-container\">\n\t\t\t\t\t\t\t\t\t<p><span style=\"color: #000000;\">Les conditions g\u00e9n\u00e9rales de vente\u00a0<\/span><\/p>\t\t\t\t\t\t\t\t<\/div>\n\t\t\t\t<\/div>\n\t\t\t\t\t<\/div>\n\t\t<\/div>\n\t\t\t\t\t<\/div>\n\t\t<\/section>\n\t\t\t\t<section class=\"elementor-section elementor-top-section elementor-element elementor-element-99ce134 elementor-section-boxed elementor-section-height-default elementor-section-height-default\" data-id=\"99ce134\" data-element_type=\"section\" data-e-type=\"section\">\n\t\t\t\t\t\t<div class=\"elementor-container elementor-column-gap-default\">\n\t\t\t\t\t<div class=\"elementor-column elementor-col-100 elementor-top-column elementor-element elementor-element-4076cd3\" data-id=\"4076cd3\" data-element_type=\"column\" data-e-type=\"column\">\n\t\t\t<div class=\"elementor-widget-wrap elementor-element-populated\">\n\t\t\t\t\t\t<div class=\"elementor-element elementor-element-7e832c8 elementor-widget-divider--view-line elementor-widget elementor-widget-divider\" data-id=\"7e832c8\" data-element_type=\"widget\" data-e-type=\"widget\" data-widget_type=\"divider.default\">\n\t\t\t\t<div class=\"elementor-widget-container\">\n\t\t\t\t\t\t\t<div class=\"elementor-divider\">\n\t\t\t<span class=\"elementor-divider-separator\">\n\t\t\t\t\t\t<\/span>\n\t\t<\/div>\n\t\t\t\t\t\t<\/div>\n\t\t\t\t<\/div>\n\t\t\t\t\t<\/div>\n\t\t<\/div>\n\t\t\t\t\t<\/div>\n\t\t<\/section>\n\t\t\t\t<section class=\"elementor-section elementor-top-section elementor-element elementor-element-7a133b3 elementor-section-boxed elementor-section-height-default elementor-section-height-default\" data-id=\"7a133b3\" data-element_type=\"section\" data-e-type=\"section\">\n\t\t\t\t\t\t\t<div class=\"elementor-background-overlay\"><\/div>\n\t\t\t\t\t\t\t<div class=\"elementor-container elementor-column-gap-default\">\n\t\t\t\t\t<div class=\"elementor-column elementor-col-100 elementor-top-column elementor-element elementor-element-56164c3\" data-id=\"56164c3\" data-element_type=\"column\" data-e-type=\"column\">\n\t\t\t<div class=\"elementor-widget-wrap elementor-element-populated\">\n\t\t\t\t\t\t<div class=\"elementor-element elementor-element-c4248e4 elementor-widget elementor-widget-text-editor\" data-id=\"c4248e4\" data-element_type=\"widget\" data-e-type=\"widget\" data-widget_type=\"text-editor.default\">\n\t\t\t\t<div class=\"elementor-widget-container\">\n\t\t\t\t\t\t\t\t\t<p><strong>ARTICLE 1 : INTRODUCTION <\/strong><\/p><p>Les termes et conditions g\u00e9n\u00e9rales de vente d\u00e9taill\u00e9s dans ce document (ci-apr\u00e8s \u00ab\u00a0Conditions g\u00e9n\u00e9rales\u00a0\u00bb) r\u00e9gissent le processus d&rsquo;achat\/vente des produits en promotion et disponibles, et \u00e9tablissent les relations contractuelles entre le demandeur et\/ou l\u2019acheteur, utilisateur ou vous-m\u00eame (ci-apr\u00e8s le client) et la soci\u00e9t\u00e9 SAS SIXTEX. Ces termes et conditions g\u00e9n\u00e9rales de vente sont les seules applicables et remplacent toutes les autres conditions d\u00e8s la validation d\u2019une ouverture de compte client. Tout achat et\/ou commande r\u00e9alis\u00e9 en personne, par fax ou email, adress\u00e9 aux responsables commerciaux, et\/ou via le site web, est r\u00e9gie par les Conditions g\u00e9n\u00e9rales applicables le jour de la commande. Le fait d\u2019effectuer une ouverture de compte SIXTEX indique automatiquement que vous acceptez nos Conditions g\u00e9n\u00e9rales. SIXTEX se r\u00e9serve le droit de changer, modifier les conditions g\u00e9n\u00e9rales de vente sans avis pr\u00e9alable, \u00e0 titre informatif et non limitatif, les produits, leur disponibilit\u00e9 et les sites, prix et tarifs, conditions de paiement et cr\u00e9dit, horaires du service client\u00e8le, etc., ou toute autre consid\u00e9r\u00e9e opportune, \u00e0 tout moment.<\/p><p><strong>ARTICLE 2 : MARCHANDISE\u00a0 <\/strong><\/p><p>Les produits et articles en promotion figurent dans le catalogue annuel.<\/p><p>&#8211; Les produits peuvent subir des modifications par rapport \u00e0 la reproduction graphique dans le catalogue.<\/p><p>&#8211; Leur disponibilit\u00e9 est soumise au stock existant.<\/p><p>&#8211; Nous traitons vos commandes de produits avec des caract\u00e9ristiques diff\u00e9rentes de celles sur le catalogue via notre fabrication personnalis\u00e9e et sp\u00e9ciale avec devis pr\u00e9alable et contrat.<\/p><p><strong>ARTICLE 3 : PRIX\u00a0 <\/strong><\/p><p>Les tarifs applicables seront ceux en vigueur le jour de l\u2019exp\u00e9dition ou de l\u2019envoi. &#8211; Les tarifs de vente indiqu\u00e9s sont en euros et n\u2019incluent pas la taxe sur la valeur ajout\u00e9e (T.V.A.) ou autres taxes\/imp\u00f4ts qui peuvent s\u2019appliquer \u00e0 tout moment.<\/p><p>&#8211; Nous nous r\u00e9servons le droit de modifier nos prix \u00e0 tout moment, mais nous nous engageons \u00e0 appliquer les tarifs indiqu\u00e9s au moment de la commande, sauf erreur typographique ou d\u2019impression. &#8211; Les devis \u00e9tablis dans le cas de fabrication personnalis\u00e9e et sp\u00e9ciale, auront une validit\u00e9 de 10 jour calendaire, except\u00e9 en cas de force majeure et\/ou cause particuli\u00e8re. \u00c0 titre informatif et non limitatif, arr\u00eat de production impr\u00e9vue, catastrophes naturelles, instabilit\u00e9 des march\u00e9s de mati\u00e8res premi\u00e8res, variations des devises, etc.<\/p><p>&#8211; Lors de commandes impliquant l\u2019ouverture de pack pour des raisons de quantit\u00e9, un co\u00fbt suppl\u00e9mentaire pourrait \u00eatre appliqu\u00e9 pour frais de manipulation.<\/p><p>&#8211; Si la commande implique un envoi, le co\u00fbt correspondant sera appliqu\u00e9 au client, et sera inclus en fin de commande comme co\u00fbt suppl\u00e9mentaire de livraison, et\/ou la T.V.A. obligatoire ou autre taxe applicable \u00e0 tout moment.<\/p><p>\u00a0&#8211; Le port est gratuit pour tout envoi de commandes \u00e0 une seule adresse de livraison et pr\u00e9par\u00e9es depuis une seul adresse d\u2019exp\u00e9dition, d\u2019un montant sup\u00e9rieur \u00e0 350,00 \u20ac (valeur de la marchandise hors taxes).. Pour toute autre destination et entrep\u00f4t d\u2019origine, consultez un agent commercial SIXTEX. &#8211; L\u2019adresse d\u2019envoi est univoque, sa modification post\u00e9rieure, si elle est accept\u00e9e, pourra g\u00e9n\u00e9rer des frais \u00e0 votre charge qui figureront sur votre facture.<\/p><p><strong>ARTICLE 4 \u2013 DEVIS<\/strong><\/p><p>Le devis de proposition de prix de vente se rapporte exclusivement au mat\u00e9riel indiqu\u00e9. Il est valide pour une dur\u00e9e d\u2019UN MOIS \u00e0 compter de son \u00e9mission. Pass\u00e9 ce d\u00e9lai, SIXTEX \u00e9tablira un nouveau devis tenant compte notamment de l&rsquo;\u00e9volution des prix de main d&rsquo;\u0153uvre, des prix des mati\u00e8res premi\u00e8res et des prix en cours chez les fournisseurs.<\/p><p><strong>ARTICLE 5 : COMMANDE<\/strong><\/p><p>\u00a0&#8211; SIXTEX se r\u00e9serve le droit d\u2019admission et d\u2019acceptation des commandes trait\u00e9es, qui doivent \u00eatre autoris\u00e9es par les gestionnaires commerciaux avant leur traitement et\/ou envoi.<\/p><p>&#8211; Toutes les commandes sont fermes, c\u2019est-\u00e0-dire qu\u2019une fois trait\u00e9es, leur modification et\/ou annulation est impossible.<\/p><p>&#8211; SIXTEX n\u2019est pas responsable des \u00e9ventuelles erreurs commises par le client au moment de passer les commandes.<\/p><p>&#8211; Les commandes faites par t\u00e9l\u00e9phone, doivent \u00eatre valid\u00e9 par \u00e9crit et sont r\u00e9alis\u00e9es par vous-m\u00eame avec l\u2019aide de nos agents commerciaux. SIXTEX n\u2019est pas responsable des anomalies et\/ou erreurs que nous pourrions commettre en vous aidant. Les r\u00e9clamations relatives \u00e0 commande pour ce motif ne seront pas accept\u00e9es.<\/p><p>&#8211; Les commandes de certains articles peuvent seulement \u00eatre pr\u00e9par\u00e9es en packs complets, cartons ou en plusieurs unit\u00e9s.<\/p><p>&#8211; Est consid\u00e9r\u00e9e comme commande sp\u00e9ciale et\/ou personnalis\u00e9e, partie de commandes qui du fait de leurs caract\u00e9ristiques ne figurent pas dans le catalogue, dans ce cas SIXTEX comme pour les commandes atypiques et de grand volume se r\u00e9serve le droit de servir \u00b15% de la quantit\u00e9 initialement command\u00e9e. Pour les commandes sp\u00e9ciales et\/ou personnalis\u00e9es pour lesquelles vous indiquerez par \u00e9crit, que la quantit\u00e9 livr\u00e9e doit correspondre \u00e0 la quantit\u00e9 command\u00e9e, SIXTEX. Se r\u00e9serve le droit de vous facturer des frais suppl\u00e9mentaires de 5% du montant total de la commande trait\u00e9e.<\/p><p>&#8211; Les commandes impliquant la pr\u00e9paration et l\u2019envoi depuis plusieurs entrep\u00f4ts entra\u00eeneront une majoration des frais de port particuliers.<\/p><p>&#8211; Toute demande de modification de commande par le CLIENT ne se fera qu&rsquo;avant commande des marchandises par SIXTEX \u00e0 son fournisseur et par \u00e9crit. Sauf accord de SIXTEX, la modification ne donnera pas lieu \u00e0 restitution des acomptes et un avoir sera \u00e9tabli.<\/p><p><strong>ARTICLE 6 : CONFIRMATION <\/strong><\/p><p>&#8211; Le client (demandeur et\/ou acheteur, utilisateur ou Vous-m\u00eame), d\u00e9clare avoir lu, compris et accept\u00e9 ces termes et Conditions g\u00e9n\u00e9rales de vente avant de r\u00e9aliser la commande. La confirmation de votre commande constitue l\u2019acceptation de ces termes et conditions g\u00e9n\u00e9rales de vente. Sauf en cas de preuve de fraude de la part de SIXTEX. Les donn\u00e9es enregistr\u00e9es par SIXTEX constituent la preuve des transactions r\u00e9alis\u00e9es entre SIXTEX et le client.<\/p><p>&#8211; Le client reconna\u00eet et accepte que SIXTEX ne fait aucune d\u00e9claration et ne donne aucune garantie quant \u00e0 la validit\u00e9 et aux effets des droits de propri\u00e9t\u00e9 industrielle de tiers. SIXTEX n&rsquo;assume aucune responsabilit\u00e9 en cas de plaintes d\u00e9pos\u00e9es par des tiers \u00e0 l&rsquo;encontre du client en rapport avec des infractions de droits de propri\u00e9t\u00e9 industrielle concernant les produits achet\u00e9s par le client.<\/p><p><strong>ARTICLE 7 \u2013 LIVRAISON<\/strong><\/p><p>Sauf accord \u00e9crit contraire, tout retard dans la livraison ne peut \u00eatre imputable \u00e0 SIXTEX. Les d\u00e9lais de livraison \u00e9tant indicatifs, ils ne sont pas de rigueur. Un retard ne donnera pas lieu \u00e0 des dommages et int\u00e9r\u00eats. Toutefois, s&rsquo;il n&rsquo;y a pas eu livraison dans un d\u00e9lai raisonnable, pour toute autre cause qu&rsquo;un cas de force majeure, la vente pourra alors \u00eatre r\u00e9solue \u00e0 la demande de l&rsquo;une ou l&rsquo;autre partie, sans indemnit\u00e9 ni dommages et int\u00e9r\u00eats. Sont notamment consid\u00e9r\u00e9s comme cas de force majeure, sans que cette liste ne pr\u00e9sente de caract\u00e8re exhaustif ou limitatif : les cas de gr\u00e8ves totales ou partielles du personnel de SIXTEX, de ses fournisseurs, du transporteur, les cas d&rsquo;intemp\u00e9rie ou de gr\u00e8ves des services publics et priv\u00e9s n\u00e9cessaires \u00e0 l&rsquo;ex\u00e9cution des prestations et\/ou la livraison, des moyens de transport, rendant l&rsquo;acc\u00e8s au lieu ou au pays de livraison difficile, les \u00e9v\u00e9nements r\u00e9sultant d&rsquo;un blocage des acc\u00e8s des locaux o\u00f9 doit avoir lieu la livraison, les accidents techniques, les difficult\u00e9s d&rsquo;approvisionnement.<\/p><p><strong>ARTICLE 8 : DISPONIBILIT\u00c9\u00a0 <\/strong><\/p><p>&#8211; Les p\u00e9riodes de disponibilit\u00e9 d\u2019un produit seront donn\u00e9es \u00e0 titre indicatif seulement, et les retards \u00e9ventuels ne conc\u00e8dent pas au client le droit d\u2019annuler la vente, de refuser la marchandise ou de r\u00e9clamer des dommages et int\u00e9r\u00eats, sauf dans les cas d\u00e9taill\u00e9s dans l\u2019article 13 de ce document.<\/p><p>Nous traiterons votre commande dans la limite des stocks disponibles. Par cons\u00e9quent, les commandes seront accept\u00e9es seulement apr\u00e8s v\u00e9rification de la disponibilit\u00e9 des stocks.<\/p><p>&#8211; Dans le cas de non disponibilit\u00e9 d\u2019un produit apr\u00e8s acceptation de la commande, nous vous informerons par courrier \u00e9lectronique ou postal. La r\u00e9servation de marchandise est impossible. &#8211; Dans le cas de non disponibilit\u00e9 du produit, une fois son paiement effectu\u00e9, SIXTEX s\u2019engage au remboursement du montant pay\u00e9 dans un d\u00e9lai de 30 jours \u00e0 compter de la date de paiement ou \u00e0 vous r\u00e9server la marchandise jusqu\u2019\u00e0 disponibilit\u00e9.<\/p><p>&#8211; Toute r\u00e9clamation de non-conformit\u00e9 d\u2019un produit devra \u00eatre transmise dans un d\u00e9lai de sept jours calendaires \u00e0 compter de la date de r\u00e9ception du produit.<\/p><p><strong>ARTICLE 9 : SERVICE <\/strong><\/p><p>&#8211; Nous nous effor\u00e7ons de vous offrir un service continu.<\/p><p>&#8211; Nous livrons \u00e0 l\u2019adresse figurant dans les renseignements d\u2019envoi de votre commande.<\/p><p><strong>ARTICLE 10 &#8211; FACTURATION<\/strong><\/p><p>La date de livraison des marchandises vaut date d&rsquo;\u00e9mission de la facture et point de d\u00e9part de la date d&rsquo;exigibilit\u00e9.<\/p><p><strong>ARTICLE 11 : PAIEMENT <\/strong><\/p><p>&#8211; Comptant<\/p><p>&#8211; Virement qui n\u00e9cessitera l\u2019approbation pr\u00e9alable de notre service pour le lancement de la pr\u00e9paration de votre commande. . \u00a0<\/p><p>Sauf convention contraire convenue entre les Parties, lors de la passation de commande, la 1\u00e8re commande faite par le Client sera r\u00e9gl\u00e9e au comptant \u00e0 la date et comme condition de validit\u00e9 de la commande.<\/p><p>Pour toutes les commandes inf\u00e9rieures \u00e0 500 \u20ac HT, SIXTEX se r\u00e9serve le droit de demander le paiement int\u00e9gral de la somme d\u00fb comme condition pr\u00e9alable pour la validation, l\u2019ex\u00e9cution ou la mise en production de la commande en question. Pour les autres commandes, le CLIENT devra verser un acompte de 50% avant ex\u00e9cution comme condition pr\u00e9alable pour la mise en production ou pr\u00e9paration de la commande. Dans ces hypoth\u00e8ses le solde sera exigible \u00e0 l\u2019\u00e9mission de la facture \u00e0 la date de livraison et r\u00e9gl\u00e9 dans le d\u00e9lai maximal de 30 jours d\u00e9compter \u00e0 partir de la date d\u2019\u00e9mission de facture. Constitue le paiement au sens du pr\u00e9sent article, l&rsquo;encaissement effectif du moyen de paiement. En cas de retard de paiement, SIXTEX peut suspendre toute commande en cours, sans pr\u00e9judice de toute autre voie d&rsquo;action. A d\u00e9faut de r\u00e8glement \u00e0 l&rsquo;\u00e9ch\u00e9ance, toute somme restante due se verra major\u00e9e de plein droit d&rsquo;une p\u00e9nalit\u00e9 de retard \u00e9gale \u00e0 5% le taux d&rsquo;int\u00e9r\u00eat l\u00e9gal, si cette p\u00e9nalit\u00e9 s\u2019av\u00e8re sup\u00e9rieure et d&rsquo;une indemnit\u00e9 forfaitaire minimum pour frais de recouvrement de 40\u20ac. Les p\u00e9nalit\u00e9s de retard seront d\u00e9compt\u00e9es prorata temporis du jour de l&rsquo;\u00e9ch\u00e9ance convenue \u00e0 la date du r\u00e8glement du principal.<\/p><p>Le d\u00e9faut de paiement d&rsquo;une somme \u00e0 l&rsquo;\u00e9ch\u00e9ance, m\u00eame partiel, entra\u00eene de plein droit la d\u00e9ch\u00e9ance du terme pour tous les montants restants dus au terme de tous les contrats en cours avec le CLIENT. En cas de non-paiement m\u00eame partiel, quarante-huit heures apr\u00e8s une mise en demeure rest\u00e9e infructueuse, SIXTEX peut r\u00e9silier de plein droit la vente demander en r\u00e9f\u00e9r\u00e9 restitution des marchandises, sans pr\u00e9judice de demandes de dommages et int\u00e9r\u00eats sauf cas ou la marchandise a d\u00e9j\u00e0 subi une manipulation par le client ou une personnalisation, un d\u00e9dommagement et des int\u00e9r\u00eats pourront \u00eatre r\u00e9clam\u00e9s. Il peut proc\u00e9der \u00e0 une injonction de payer aupr\u00e8s du Tribunal comp\u00e9tent. Cette r\u00e9solution s&rsquo;\u00e9tendra \u00e0 toutes les commandes en cours avec le CLIENT, que leurs paiements soient \u00e9chus ou non. Sauf accord \u00e9crit et pr\u00e9alable de SIXTEX, les paiements ne peuvent \u00eatre suspendus ou faire l&rsquo;objet d&rsquo;une compensation.<\/p><p><strong>ARTICLE 12 &#8211; EXIGENCE DE GARANTIES OU R\u00c8GLEMENT<\/strong><\/p><p>Toute d\u00e9t\u00e9rioration du cr\u00e9dit du CLIENT justifie l&rsquo;exigence de garanties ou d&rsquo;un r\u00e8glement comptant ou par traite payable \u00e0 vue, avant l&rsquo;ex\u00e9cution des commandes re\u00e7ues.<\/p><p><strong>ARTICLE 13 : EXON\u00c9RATION FISCALE <\/strong><\/p><p>&#8211; Les entreprises de l\u2019Union Europ\u00e9enne devront fournir leur num\u00e9ro de TVA intracommunautaire afin de pourvoir facturer sans TVA. Les produits livr\u00e9s aux clients r\u00e9sidant hors de l\u2019Union Europ\u00e9enne seront exon\u00e9r\u00e9s de TVA, et la d\u00e9claration de toute TVA applicable sera la responsabilit\u00e9 de l\u2019acheteur du produit.<\/p><p><strong>ARTICLE 14 : DROIT DE RETOUR ET LITIGE<\/strong><\/p><p>&#8211; Toute r\u00e9clamation de non-conformit\u00e9 d\u2019un produit devra \u00eatre transmise au SERVICE CLIENT\u00c8LE, dans un d\u00e9lai maximum de sept jours calendaires \u00e0 compter de la date de r\u00e9ception du produit.<\/p><p>&#8211; Avant de d\u00e9baller la marchandise, vous devrez signaler tout d\u00e9faut d\u2019emballage sur le bon de transport afin d\u2019activer l\u2019assurance du transport et le communiquer sous 24h. Ne seront pas accept\u00e9es les r\u00e9clamations de colis ouverts ou \u00e9gar\u00e9s si cet incident n\u2019a pas \u00e9t\u00e9 mentionn\u00e9 sur le bon de livraison de l\u2019agence de transports.<\/p><p>&#8211; Pr\u00e9alablement \u00e0 leurs envois, tous les retours doivent \u00eatre autoris\u00e9s par le service client\u00e8le qui vous confirmera le mode de retrait et vous communiquera le num\u00e9ro de commande ou de retour par courrier \u00e9lectronique.<\/p><p>&#8211; Les paiements se r\u00e9aliseront une fois v\u00e9rifi\u00e9s la conformit\u00e9 \u00e0 la commande de la marchandise re\u00e7ue, son emballage d\u2019origine et son parfait \u00e9tat.<\/p><p>&#8211; Les retours de v\u00eatements que vous avez manipul\u00e9s ou utilis\u00e9s ne sont pas autoris\u00e9s, aucune r\u00e9clamation relative au montant du marquage sur la marchandise d\u00e9fectueuse ne sera accept\u00e9e, pour cela vous devez v\u00e9rifier la marchandise avant toute s\u00e9rigraphie, broderie, transfert, etc.<\/p><p>&#8211; Ne sont accept\u00e9es que les r\u00e9clamations relatives au service, \u00e0 des erreurs propres \u00e0 la qualit\u00e9, et \u00e0 la quantit\u00e9.<\/p><p>&#8211; Dans le cas d\u2019erreur propre relative \u00e0 la totalit\u00e9 ou \u00e0 la partialit\u00e9 de la commande trait\u00e9e, la commande et l&rsquo;envoi de la marchandise seront effectu\u00e9s \u00e0 nouveau, sans co\u00fbt ou frais, ou bien le remboursement des montants factur\u00e9s pour lesdits articles incorrects dans le cas de l&rsquo;annulation de votre part.<\/p><p>&#8211; Ne seront en aucun cas accept\u00e9s les retours de quantit\u00e9s inf\u00e9rieures au pack, l\u2019enl\u00e8vement du retour, la marchandise envoy\u00e9e \u00e0 titre d\u2019\u00e9chantillons, manipul\u00e9e et\/ou personnalis\u00e9e par vous-m\u00eame, hors de son emballage, ni hors des d\u00e9lais \u00e9tablis.<\/p><p>&#8211; Ne sont pas accept\u00e9s les retours pour motifs autres que ceux d\u00e9taill\u00e9s pr\u00e9c\u00e9demment.<\/p><p><strong>ARTICLE 15 : LOI APPLICABLE\u00a0 <\/strong><\/p><p>De convention expresse, toute contestation sera soumise au Tribunal de Commerce de Nice, m\u00eame en cas de r\u00e9f\u00e9r\u00e9, de demande incidente ou de pluralit\u00e9 de d\u00e9fendeurs. Par d\u00e9rogation, SIXTEX se r\u00e9serve la facult\u00e9 de recouvrir les sommes dues par injonction de payer aupr\u00e8s du Tribunal comp\u00e9tent.<\/p><p><strong>ARTICLE 16 : PROTECTION DES DONN\u00c9ES PERSONNELLES <\/strong><\/p><p>&#8211; Les Parties s\u2019engagent \u00e0 respecter les dispositions du R\u00e8glement (UE) 2016\/679 du 27 avril 2016 relatif \u00e0 la protection des personnes physiques \u00e0 l&rsquo;\u00e9gard du traitement des Donn\u00e9es Personnelles et \u00e0 la libre de circulation de ces donn\u00e9es, et de loi Informatique et Libert\u00e9 du 6 janvier 1978 telle que modifi\u00e9e par la loi du 20 juin 2018 et l\u2019ordonnance du 12 d\u00e9cembre 2018 et son d\u00e9cret 19 avril 2019. SIXTEX s\u2019engage \u00e0 cet effet \u00e0 mettre en \u0153uvre les principes de la police de protection des donn\u00e9es disponible sur le site et sur le lien : Politique de Protection des Donn\u00e9es \u00e0<\/p><p>&#8211; L\u2019information que vous nous envoyez \u00e9tant indispensable pour traiter et ex\u00e9cuter votre commande et pour r\u00e9diger la facture, l\u2019absence de ladite information impliquera l\u2019annulation de votre commande.<\/p><p>&#8211; Vous avez \u00e0 tout moment le droit d\u2019acc\u00e9der et de rectifier vos donn\u00e9es personnelles, conform\u00e9ment aux lois nationales et europ\u00e9ennes comp\u00e9tentes. Vous pouvez modifier ces donn\u00e9es \u00e0 tout moment, par le biais d\u2019une demande \u00e9crite envoy\u00e9e \u00e0 notre adresse ou en contactant nos agents commerciaux \u00e0 votre disposition.<\/p><p>\u00a0<\/p><p>\u00a0<\/p><p>\u00a0<\/p><p>\u00a0<\/p><p>\u00a0<\/p><p>\u00a0<\/p>\t\t\t\t\t\t\t\t<\/div>\n\t\t\t\t<\/div>\n\t\t\t\t\t<\/div>\n\t\t<\/div>\n\t\t\t\t\t<\/div>\n\t\t<\/section>\n\t\t\t\t<\/div>\n\t\t","protected":false},"excerpt":{"rendered":"<p>Les conditions g\u00e9n\u00e9rales de vente\u00a0 ARTICLE 1 : INTRODUCTION Les termes et conditions g\u00e9n\u00e9rales de vente d\u00e9taill\u00e9s dans ce document (ci-apr\u00e8s \u00ab\u00a0Conditions g\u00e9n\u00e9rales\u00a0\u00bb) r\u00e9gissent le processus d&rsquo;achat\/vente des produits en promotion et disponibles, et \u00e9tablissent les relations contractuelles entre le demandeur et\/ou l\u2019acheteur, utilisateur ou vous-m\u00eame (ci-apr\u00e8s le client) et la soci\u00e9t\u00e9 SAS SIXTEX. Ces [&hellip;]<\/p>\n","protected":false},"author":1,"featured_media":0,"parent":0,"menu_order":0,"comment_status":"closed","ping_status":"closed","template":"elementor_canvas","meta":{"om_disable_all_campaigns":false,"_monsterinsights_skip_tracking":false,"_monsterinsights_sitenote_active":false,"_monsterinsights_sitenote_note":"","_monsterinsights_sitenote_category":0,"_uf_show_specific_survey":0,"_uf_disable_surveys":false,"footnotes":""},"class_list":["post-691","page","type-page","status-publish","hentry"],"aioseo_notices":[],"_links":{"self":[{"href":"https:\/\/sixtex.fr\/index.php?rest_route=\/wp\/v2\/pages\/691","targetHints":{"allow":["GET"]}}],"collection":[{"href":"https:\/\/sixtex.fr\/index.php?rest_route=\/wp\/v2\/pages"}],"about":[{"href":"https:\/\/sixtex.fr\/index.php?rest_route=\/wp\/v2\/types\/page"}],"author":[{"embeddable":true,"href":"https:\/\/sixtex.fr\/index.php?rest_route=\/wp\/v2\/users\/1"}],"replies":[{"embeddable":true,"href":"https:\/\/sixtex.fr\/index.php?rest_route=%2Fwp%2Fv2%2Fcomments&post=691"}],"version-history":[{"count":25,"href":"https:\/\/sixtex.fr\/index.php?rest_route=\/wp\/v2\/pages\/691\/revisions"}],"predecessor-version":[{"id":792,"href":"https:\/\/sixtex.fr\/index.php?rest_route=\/wp\/v2\/pages\/691\/revisions\/792"}],"wp:attachment":[{"href":"https:\/\/sixtex.fr\/index.php?rest_route=%2Fwp%2Fv2%2Fmedia&parent=691"}],"curies":[{"name":"wp","href":"https:\/\/api.w.org\/{rel}","templated":true}]}}